{"id":8,"date":"2018-05-29T13:37:42","date_gmt":"2018-05-29T13:37:42","guid":{"rendered":"http:\/\/wordpress.canitime.eu\/?page_id=8"},"modified":"2022-01-05T22:49:35","modified_gmt":"2022-01-05T22:49:35","slug":"startseite","status":"publish","type":"page","link":"https:\/\/canitime.eu\/","title":{"rendered":"Startseite"},"content":{"rendered":"<div class=\"wpb-content-wrapper\"><p>[vc_row bg_type=&#8220;bg_color&#8220; bg_override=&#8220;full&#8220; seperator_enable=&#8220;seperator_enable_value&#8220; seperator_type=&#8220;tilt_left_seperator&#8220; seperator_position=&#8220;bottom_seperator&#8220; seperator_svg_height=&#8220;80&#8243; seperator_shape_background=&#8220;#ee9304&#8243; css=&#8220;.vc_custom_1528361307982{margin-top: -100px !important;background-color: #f4f2e3 !important;}&#8220; bg_color_value=&#8220;#f4f2e3&#8243;][vc_column][vc_empty_space height=&#8220;100&#8243;][vc_custom_heading text=&#8220;Hauptsache zusammen&#8220; font_container=&#8220;tag:h1|text_align:center&#8220; google_fonts=&#8220;font_family:Raleway%3A100%2C200%2C300%2Cregular%2C500%2C600%2C700%2C800%2C900|font_style:500%20bold%20regular%3A500%3Anormal&#8220;][vc_empty_space height=&#8220;22&#8243;][vc_row_inner][vc_column_inner width=&#8220;1\/6&#8243;][\/vc_column_inner][vc_column_inner width=&#8220;2\/3&#8243;][vc_column_text]<\/p>\n<p style=\"text-align: left;\">Ein umfassendes Angebot f\u00fcr Hundemenschen und ihre vierbeinigen Gef\u00e4hrten, um eine unvergessliche Zeit miteinander zu verbringen: Nichts Geringeres ist der Anspruch von \u201acanitime\u2018. Dazu bietet die Marke ein buntes Portfolio entsprechender Freizeitangebote, Veranstaltungen und vieles mehr.<\/p>\n<p style=\"text-align: left;\">Ein einzigartiges Angebot f\u00fcr Hundehalter, das in ebenso einzigartigen Landschaften \u2013 den Nationalparks Hunsr\u00fcck-Hochwald bzw. Saar-Hunsr\u00fcck \u2013 sowie im Freizeit- und Gesundheitspark \u201acaniplace\u2018 in Thalfang (siehe auch <a href=\"https:\/\/www.caniplace.eu\" target=\"_blank\" rel=\"noopener\">www.caniplace.eu<\/a>) offeriert wird.<\/p>\n<p style=\"text-align: left;\">Unsere verschiedenen Freizeitangebote sind in die Bereiche Freizeitsport, Spa\u00df &amp; Spiel, Gesundheit &amp; Wellness sowie Do it yourself gegliedert.<\/p>\n<p>[\/vc_column_text][\/vc_column_inner][vc_column_inner width=&#8220;1\/6&#8243;][\/vc_column_inner][\/vc_row_inner][vc_btn title=&#8220;Zur Buchung&#8220; color=&#8220;juicy-pink&#8220; size=&#8220;lg&#8220; align=&#8220;center&#8220; link=&#8220;url:%2F%2Fcanitime.eu%2F%3Fpage_id%3D249|||&#8220;][vc_empty_space height=&#8220;150&#8243;][\/vc_column][\/vc_row][vc_row full_width=&#8220;stretch_row&#8220; gap=&#8220;35&#8243; equal_height=&#8220;yes&#8220; content_placement=&#8220;middle&#8220; bg_type=&#8220;bg_color&#8220; seperator_enable=&#8220;seperator_enable_value&#8220; seperator_type=&#8220;tilt_left_seperator&#8220; seperator_position=&#8220;top_bottom_seperator&#8220; seperator_svg_height=&#8220;80&#8243; seperator_shape_background=&#8220;#ee9304&#8243; css=&#8220;.vc_custom_1528190059131{background-color: #5a1d2f !important;}&#8220;][vc_column][vc_row_inner][vc_column_inner][vc_empty_space height=&#8220;60&#8243;][vc_custom_heading text=&#8220;Freizeitangebote&#8220; font_container=&#8220;tag:h1|text_align:center|color:%23ffffff&#8220; google_fonts=&#8220;font_family:Raleway%3A100%2C200%2C300%2Cregular%2C500%2C600%2C700%2C800%2C900|font_style:500%20bold%20regular%3A500%3Anormal&#8220;][vc_empty_space height=&#8220;20&#8243;][\/vc_column_inner][\/vc_row_inner][vc_row_inner][vc_column_inner width=&#8220;1\/2&#8243;][vc_empty_space height=&#8220;60&#8243;][vc_single_image image=&#8220;230&#8243; img_size=&#8220;500&#8243; css_animation=&#8220;fadeInLeftBig&#8220;][vc_empty_space height=&#8220;60&#8243;][\/vc_column_inner][vc_column_inner width=&#8220;1\/2&#8243;][vc_empty_space height=&#8220;130&#8243;][vc_custom_heading text=&#8220;Freizeitsport mit Hund&#8220; font_container=&#8220;tag:h2|text_align:left|color:%23ffffff&#8220; google_fonts=&#8220;font_family:Raleway%3A100%2C200%2C300%2Cregular%2C500%2C600%2C700%2C800%2C900|font_style:500%20bold%20regular%3A500%3Anormal&#8220;][vc_empty_space height=&#8220;10&#8243;][vc_column_text]<\/p>\n<p style=\"text-align: left;\"><span style=\"color: #ffffff;\">Zum ganzj\u00e4hrigen Angebot z\u00e4hlen etwa Gel\u00e4ndel\u00e4ufe (canicross), Dogtrekking, Bikej\u00f6ring, Dogging, Zughundesport f\u00fcr Jedermann, Agility und Discdogging.<\/span><\/p>\n<p style=\"text-align: left;\"><span style=\"color: #ffffff;\">Im Winter bietet sich dar\u00fcber hinaus die M\u00f6glichkeit zum Skilanglauf oder Schneewandern (optional mit Schneeschuhen) im nahe gelegenen Skigebiet Erbeskopf.<\/span><\/p>\n<p>[\/vc_column_text][\/vc_column_inner][\/vc_row_inner][\/vc_column][\/vc_row][vc_row full_width=&#8220;stretch_row&#8220; gap=&#8220;35&#8243; equal_height=&#8220;yes&#8220; content_placement=&#8220;middle&#8220; bg_type=&#8220;bg_color&#8220; seperator_enable=&#8220;seperator_enable_value&#8220; seperator_type=&#8220;tilt_left_seperator&#8220; seperator_position=&#8220;top_bottom_seperator&#8220; seperator_svg_height=&#8220;80&#8243; seperator_shape_background=&#8220;#ee9304&#8243; css=&#8220;.vc_custom_1528361149274{background-color: #f4f2e3 !important;}&#8220; bg_color_value=&#8220;#f4f2e3&#8243;][vc_column width=&#8220;1\/2&#8243;][vc_empty_space height=&#8220;60&#8243;][vc_custom_heading text=&#8220;Spa\u00df &amp; Spiel&#8220; google_fonts=&#8220;font_family:Raleway%3A100%2C200%2C300%2Cregular%2C500%2C600%2C700%2C800%2C900|font_style:500%20bold%20regular%3A500%3Anormal&#8220;][vc_empty_space height=&#8220;10&#8243;][vc_column_text]<\/p>\n<p style=\"text-align: left;\">Neben Dogdance, Dogfrisbee, F\u00e4hrtensuche, Hoopers, Degility, Flyball, Maintrailing, Treibball, Longieren, Objektsuche, Do as I Do und Dog Tricks geh\u00f6ren insbesondere zahlreiche Wanderungen und Outdoor-Aktivit\u00e4ten zum Angebot von canitime: Etwa Krimitouren, Fotowanderungen, Geo-Caching, Rallye Obedience, Schwimmen oder Fahrradtouren mit Hund.<\/p>\n<p>[\/vc_column_text][vc_empty_space height=&#8220;60&#8243;][\/vc_column][vc_column width=&#8220;1\/2&#8243;][vc_empty_space height=&#8220;60&#8243;][vc_single_image image=&#8220;221&#8243; img_size=&#8220;500&#8243; css_animation=&#8220;fadeInRightBig&#8220;][vc_empty_space height=&#8220;80&#8243;][\/vc_column][\/vc_row][vc_row full_width=&#8220;stretch_row&#8220; gap=&#8220;35&#8243; equal_height=&#8220;yes&#8220; content_placement=&#8220;middle&#8220; bg_type=&#8220;bg_color&#8220; seperator_enable=&#8220;seperator_enable_value&#8220; seperator_type=&#8220;tilt_left_seperator&#8220; seperator_position=&#8220;top_bottom_seperator&#8220; seperator_svg_height=&#8220;80&#8243; seperator_shape_background=&#8220;#ee9304&#8243; css=&#8220;.vc_custom_1528191454219{background-color: #5a1d2f !important;}&#8220;][vc_column width=&#8220;1\/2&#8243;][vc_empty_space height=&#8220;80&#8243;][vc_single_image image=&#8220;231&#8243; img_size=&#8220;500&#8243; css_animation=&#8220;fadeInLeftBig&#8220;][vc_empty_space height=&#8220;60&#8243;][\/vc_column][vc_column width=&#8220;1\/2&#8243;][vc_empty_space height=&#8220;100&#8243;][vc_custom_heading text=&#8220;Gesundheit &amp; Wellness f\u00fcr Hunde&#8220; font_container=&#8220;tag:h2|text_align:left|color:%23ffffff&#8220; google_fonts=&#8220;font_family:Raleway%3A100%2C200%2C300%2Cregular%2C500%2C600%2C700%2C800%2C900|font_style:500%20bold%20regular%3A500%3Anormal&#8220;][vc_empty_space height=&#8220;10&#8243;][vc_column_text]<\/p>\n<p style=\"text-align: left;\"><span style=\"color: #ffffff;\">DOGA (Yoga f\u00fcr Hunde), Tellington Touch\u00ae, Cavaletti Training, Massage, Schwimmen, Laufband, Bewegungsparcours, Hundewaschanlage, Gymnastik, Fitnesstraining, Akupressur usw: Wer seiner Fellnase mal was wirklich Gutes tun will, d\u00fcrfte von diesem Angebot begeistert sein\u2026<\/span><\/p>\n<p>[\/vc_column_text][vc_empty_space height=&#8220;60&#8243;][\/vc_column][\/vc_row][vc_row full_width=&#8220;stretch_row&#8220; gap=&#8220;35&#8243; equal_height=&#8220;yes&#8220; content_placement=&#8220;middle&#8220; bg_type=&#8220;bg_color&#8220; bg_override=&#8220;full&#8220; seperator_enable=&#8220;seperator_enable_value&#8220; seperator_type=&#8220;tilt_left_seperator&#8220; seperator_position=&#8220;top_bottom_seperator&#8220; seperator_svg_height=&#8220;80&#8243; seperator_shape_background=&#8220;#ee9304&#8243; bg_color_value=&#8220;#f4f2e3&#8243;][vc_column width=&#8220;1\/2&#8243;][vc_empty_space height=&#8220;60&#8243;][vc_custom_heading text=&#8220;Do it yourself&#8220; google_fonts=&#8220;font_family:Raleway%3A100%2C200%2C300%2Cregular%2C500%2C600%2C700%2C800%2C900|font_style:500%20bold%20regular%3A500%3Anormal&#8220;][vc_empty_space height=&#8220;10&#8243;][vc_column_text]<\/p>\n<p style=\"text-align: left;\">Zum Wohle unserer tierischen Freunde\u2026 Nachhaltig. Gesund. Individuell.<\/p>\n<p style=\"text-align: left;\">Deshalb zeigen wir Ihnen gerne, wie sich Kulinarisches f\u00fcr Hunde (Kekse, Kuchen, Eis, Smoothies, Futter u.v.m.) zaubern l\u00e4sst oder wie man Hunde-Pflegeprodukte, -Spielzeug, -Kleidung, -Liegepl\u00e4tze oder -Gartenspielger\u00e4te selbst herstellt.<\/p>\n<p style=\"text-align: left;\">Gerne zeigen wir Ihnen au\u00dferdem, worauf es bei der Hundefotografie ankommt oder wie Sie Ihren Garten hundesicher gestalten.<\/p>\n<p>[\/vc_column_text][vc_empty_space height=&#8220;60&#8243;][\/vc_column][vc_column width=&#8220;1\/2&#8243;][vc_empty_space height=&#8220;60&#8243;][vc_single_image image=&#8220;232&#8243; img_size=&#8220;500&#8243; css_animation=&#8220;fadeInRightBig&#8220;][vc_empty_space height=&#8220;80&#8243;][\/vc_column][\/vc_row][vc_row full_width=&#8220;stretch_row&#8220; gap=&#8220;35&#8243; equal_height=&#8220;yes&#8220; content_placement=&#8220;middle&#8220; bg_type=&#8220;bg_color&#8220; seperator_enable=&#8220;seperator_enable_value&#8220; seperator_type=&#8220;tilt_left_seperator&#8220; seperator_position=&#8220;top_bottom_seperator&#8220; seperator_svg_height=&#8220;80&#8243; seperator_shape_background=&#8220;#ee9304&#8243; css=&#8220;.vc_custom_1528191505886{background-color: #5a1d2f !important;}&#8220;][vc_column width=&#8220;1\/2&#8243;][vc_empty_space height=&#8220;80&#8243;][vc_single_image image=&#8220;176&#8243; img_size=&#8220;500&#8243; css_animation=&#8220;fadeInLeftBig&#8220;][vc_empty_space height=&#8220;60&#8243;][\/vc_column][vc_column width=&#8220;1\/2&#8243;][vc_empty_space height=&#8220;100&#8243;][vc_custom_heading text=&#8220;Hundewelt Hun(d)sr\u00fcck&#8220; font_container=&#8220;tag:h2|text_align:left|color:%23ffffff&#8220; google_fonts=&#8220;font_family:Raleway%3A100%2C200%2C300%2Cregular%2C500%2C600%2C700%2C800%2C900|font_style:500%20bold%20regular%3A500%3Anormal&#8220;][vc_empty_space height=&#8220;10&#8243;][vc_column_text]<\/p>\n<p style=\"text-align: left;\"><span style=\"color: #ffffff;\">Neben den bereits aufgef\u00fchrten Attraktionen komplettieren Stammtische f\u00fcr Hundehalter, Hunde-Flohm\u00e4rkte und -Weihnachtsm\u00e4rkte sowie sportliche Wettbewerbe f\u00fcr beeintr\u00e4chtigte Menschen und\/oder Hunde das Angebot von canitime: DEM (!) Freizeit-Angebot im Hun(d)sr\u00fcck f\u00fcr Hundemenschen und ihre Lieblinge.<\/span><\/p>\n<p>[\/vc_column_text][vc_empty_space height=&#8220;30&#8243;]<div class=\" ubtn-ctn-left \"><a class=\"ubtn-link ult-adjust-bottom-margin ubtn-left ubtn-large \" href=\"https:\/\/canitime.eu\/wp-content\/uploads\/2022\/01\/canitime_Flyer_DIN-lang_2-seitig_V5.pdf\" title=\"Flyer Downloaden\" target=\"_blank\" rel=\"noopener\" ><button type=\"button\" id=\"ubtn-2765\"  class=\"ubtn ult-adjust-bottom-margin ult-responsive ubtn-large ubtn-fade-bg  ulta-grow  ubtn-left   tooltip-6a00625eca681\"  data-hover=\"#5a1d2f\" data-border-color=\"\" data-bg=\"#ee9304\" data-hover-bg=\"#f4f2e3\" data-border-hover=\"\" data-shadow-hover=\"\" data-shadow-click=\"none\" data-shadow=\"\" data-shd-shadow=\"\"  data-ultimate-target='#ubtn-2765'  data-responsive-json-new='{\"font-size\":\"desktop:17px;\",\"line-height\":\"\"}'  style=\"font-weight:normal;border:none;background: #ee9304;color: #5a1d2f;\"><span class=\"ubtn-hover\" style=\"background-color:#f4f2e3\"><\/span><span class=\"ubtn-data ubtn-text \" >Flyer Downloaden<\/span><\/button><\/a><\/div>[vc_empty_space height=&#8220;30&#8243;][\/vc_column][\/vc_row][vc_row full_width=&#8220;stretch_row&#8220; bg_type=&#8220;bg_color&#8220; bg_override=&#8220;full&#8220; seperator_enable=&#8220;seperator_enable_value&#8220; seperator_type=&#8220;tilt_left_seperator&#8220; seperator_svg_height=&#8220;80&#8243; seperator_shape_background=&#8220;#ee9304&#8243; bg_color_value=&#8220;#f4f2e3&#8243;][vc_column width=&#8220;1\/6&#8243;][\/vc_column][vc_column width=&#8220;2\/3&#8243;][vc_empty_space height=&#8220;150&#8243;][vc_custom_heading text=&#8220;Kontakt&#8220; font_container=&#8220;tag:h2|text_align:center|color:%23ee9304&#8243; google_fonts=&#8220;font_family:Raleway%3A100%2C200%2C300%2Cregular%2C500%2C600%2C700%2C800%2C900|font_style:500%20bold%20regular%3A500%3Anormal&#8220;][vc_empty_space height=&#8220;10&#8243;][vc_column_text]<\/p>\n<p style=\"text-align: left;\">Und damit Sie auch nichts davon verpassen und \u00fcber alle Programm-Neuerungen, -Erweiterungen sowie ggf. -\u00c4nderungen informiert bleiben, m\u00f6chten wir Sie bitten, Ihre E-Mail-Adresse in unseren Newsletter-Dienst einzutragen.<\/p>\n<p style=\"text-align: left;\">Wenn Sie Hundeprofi sind, k\u00f6nnen Sie Ihre entsprechenden Angebote au\u00dferdem gerne im Rahmen von canitime offerieren. Bitte kontaktieren Sie uns bei Interesse via E-Mail, damit wir uns umgehend mit Ihnen in Verbindung setzen k\u00f6nnen.<\/p>\n<p>[\/vc_column_text][vc_empty_space height=&#8220;50&#8243;][vc_custom_heading text=&#8220;Jetzt zum Newsletter anmelden&#8220; font_container=&#8220;tag:h2|text_align:center|color:%23ee9304&#8243; google_fonts=&#8220;font_family:Raleway%3A100%2C200%2C300%2Cregular%2C500%2C600%2C700%2C800%2C900|font_style:500%20bold%20regular%3A500%3Anormal&#8220;][vc_column_text]<div class=\"tnp tnp-subscription \">\n<form method=\"post\" action=\"https:\/\/canitime.eu\/wp-admin\/admin-ajax.php?action=tnp&amp;na=s\">\n<input type=\"hidden\" name=\"nlang\" value=\"\">\n<div class=\"tnp-field tnp-field-firstname\"><label for=\"tnp-1\">Vorname oder ganzer Name<\/label>\n<input class=\"tnp-name\" type=\"text\" name=\"nn\" id=\"tnp-1\" value=\"\" placeholder=\"\"><\/div>\n<div class=\"tnp-field tnp-field-email\"><label for=\"tnp-2\">Email<\/label>\n<input class=\"tnp-email\" type=\"email\" name=\"ne\" id=\"tnp-2\" value=\"\" placeholder=\"\" required><\/div>\n<div class=\"tnp-field tnp-privacy-field\"><label><input type=\"checkbox\" name=\"ny\" required class=\"tnp-privacy\"> <a target=\"_blank\" href=\"https:\/\/canicrew.eu\/datenschutzerklaerung\/\">Indem Du fortf\u00e4hrst, akzeptierst Du unsere Datenschutzerkl\u00e4rung.<\/a><\/label><\/div><div class=\"tnp-field tnp-field-button\" style=\"text-align: left\"><input class=\"tnp-submit\" type=\"submit\" value=\"Abonnieren\" style=\"\">\n<\/div>\n<\/form>\n<\/div>\n[\/vc_column_text][vc_empty_space height=&#8220;32&#8243;][\/vc_column][vc_column width=&#8220;1\/6&#8243;][\/vc_column][\/vc_row][vc_row equal_height=&#8220;yes&#8220; content_placement=&#8220;middle&#8220; bg_type=&#8220;bg_color&#8220; bg_override=&#8220;full&#8220; bg_color_value=&#8220;#f4f2e3&#8243; css=&#8220;.vc_custom_1530261056577{padding-bottom: 100px !important;}&#8220;][vc_column width=&#8220;1\/6&#8243;][\/vc_column][vc_column width=&#8220;1\/6&#8243;][vc_column_text css=&#8220;.vc_custom_1529322558524{margin-right: -150px !important;}&#8220;]<\/p>\n<p style=\"text-align: center;\">Langemer Stra\u00dfe 2<br \/>\nD-54424 Thalfang<\/p>\n<p style=\"text-align: center;\">Fon <a style=\"color: #000;\" href=\"tel:+496504950583\">+49(0) 6504 950 583<\/a><br \/>\nFax +49(0) 6504 950 584<\/p>\n<p style=\"text-align: center;\">Mail <a style=\"color: #000;\" href=\"mailto:info@canitime.eu\">info@canitime.eu<\/a><\/p>\n<p>[\/vc_column_text][\/vc_column][vc_column width=&#8220;2\/3&#8243;][vc_single_image image=&#8220;205&#8243; img_size=&#8220;medium&#8220; alignment=&#8220;center&#8220;][\/vc_column][\/vc_row][vc_row][vc_column][vc_btn title=&#8220;Zur Buchung&#8220; color=&#8220;juicy-pink&#8220; size=&#8220;lg&#8220; align=&#8220;center&#8220; link=&#8220;url:%2F%2Fcanitime.eu%2F%3Fpage_id%3D249|||&#8220;][\/vc_column][\/vc_row]<\/p>\n<\/div>","protected":false},"excerpt":{"rendered":"<p>[vc_row bg_type=&#8220;bg_color&#8220; bg_override=&#8220;full&#8220; seperator_enable=&#8220;seperator_enable_value&#8220; seperator_type=&#8220;tilt_left_seperator&#8220; seperator_position=&#8220;bottom_seperator&#8220; seperator_svg_height=&#8220;80&#8243; seperator_shape_background=&#8220;#ee9304&#8243; css=&#8220;.vc_custom_1528361307982{margin-top: -100px !important;background-color: #f4f2e3 !important;}&#8220; bg_color_value=&#8220;#f4f2e3&#8243;][vc_column][vc_empty_space height=&#8220;100&#8243;][vc_custom_heading text=&#8220;Hauptsache zusammen&#8220; font_container=&#8220;tag:h1|text_align:center&#8220; google_fonts=&#8220;font_family:Raleway%3A100%2C200%2C300%2Cregular%2C500%2C600%2C700%2C800%2C900|font_style:500%20bold%20regular%3A500%3Anormal&#8220;][vc_empty_space height=&#8220;22&#8243;][vc_row_inner][vc_column_inner width=&#8220;1\/6&#8243;][\/vc_column_inner][vc_column_inner width=&#8220;2\/3&#8243;][vc_column_text] Ein umfassendes Angebot f\u00fcr Hundemenschen und ihre vierbeinigen Gef\u00e4hrten, um eine unvergessliche Zeit miteinander zu verbringen: Nichts Geringeres ist der Anspruch von \u201acanitime\u2018. Dazu bietet die Marke ein buntes Portfolio entsprechender Freizeitangebote, Veranstaltungen&hellip;<\/p>\n","protected":false},"author":1,"featured_media":0,"parent":0,"menu_order":0,"comment_status":"closed","ping_status":"closed","template":"","meta":{"footnotes":""},"class_list":["post-8","page","type-page","status-publish","hentry","description-off"],"_links":{"self":[{"href":"https:\/\/canitime.eu\/index.php?rest_route=\/wp\/v2\/pages\/8","targetHints":{"allow":["GET"]}}],"collection":[{"href":"https:\/\/canitime.eu\/index.php?rest_route=\/wp\/v2\/pages"}],"about":[{"href":"https:\/\/canitime.eu\/index.php?rest_route=\/wp\/v2\/types\/page"}],"author":[{"embeddable":true,"href":"https:\/\/canitime.eu\/index.php?rest_route=\/wp\/v2\/users\/1"}],"replies":[{"embeddable":true,"href":"https:\/\/canitime.eu\/index.php?rest_route=%2Fwp%2Fv2%2Fcomments&post=8"}],"version-history":[{"count":85,"href":"https:\/\/canitime.eu\/index.php?rest_route=\/wp\/v2\/pages\/8\/revisions"}],"predecessor-version":[{"id":256,"href":"https:\/\/canitime.eu\/index.php?rest_route=\/wp\/v2\/pages\/8\/revisions\/256"}],"wp:attachment":[{"href":"https:\/\/canitime.eu\/index.php?rest_route=%2Fwp%2Fv2%2Fmedia&parent=8"}],"curies":[{"name":"wp","href":"https:\/\/api.w.org\/{rel}","templated":true}]}}